{"id":43,"date":"2020-04-06T17:20:22","date_gmt":"2020-04-06T16:20:22","guid":{"rendered":"https:\/\/meseterapiaszeged.hu\/?page_id=43"},"modified":"2025-10-08T19:56:09","modified_gmt":"2025-10-08T18:56:09","slug":"rolam","status":"publish","type":"page","link":"https:\/\/mesetukor.hu\/?page_id=43","title":{"rendered":"R\u00f3lam"},"content":{"rendered":"<p>&nbsp;<\/p>\n<p>&nbsp;<\/p>\n<p><img loading=\"lazy\" decoding=\"async\" class=\"size-medium wp-image-454 alignleft\" src=\"https:\/\/mesetukor.hu\/wp-content\/uploads\/2025\/10\/IMG_20250801_2021448372-300x283.jpg\" alt=\"\" width=\"300\" height=\"283\" srcset=\"https:\/\/mesetukor.hu\/wp-content\/uploads\/2025\/10\/IMG_20250801_2021448372-300x283.jpg 300w, https:\/\/mesetukor.hu\/wp-content\/uploads\/2025\/10\/IMG_20250801_2021448372-1024x967.jpg 1024w, https:\/\/mesetukor.hu\/wp-content\/uploads\/2025\/10\/IMG_20250801_2021448372-768x725.jpg 768w, https:\/\/mesetukor.hu\/wp-content\/uploads\/2025\/10\/IMG_20250801_2021448372-1536x1450.jpg 1536w, https:\/\/mesetukor.hu\/wp-content\/uploads\/2025\/10\/IMG_20250801_2021448372-2048x1933.jpg 2048w, https:\/\/mesetukor.hu\/wp-content\/uploads\/2025\/10\/IMG_20250801_2021448372-150x142.jpg 150w\" sizes=\"(max-width: 300px) 100vw, 300px\" \/>M\u00e9g jav\u00e1ban a XX. sz\u00e1zadot \u00edrtuk, amikor elker\u00fcltem sz\u00fcl\u0151v\u00e1rosomb\u00f3l, Monorr\u00f3l. Szegeden, a tan\u00e1rk\u00e9pz\u0151 f\u0151iskol\u00e1n szereztem diplom\u00e1t, majd a napf\u00e9ny v\u00e1rosa \u00e9vtizedekre rabul is ejtett. B\u00e1r igen hamar m\u00e1sf\u00e9le elfoglalts\u00e1got k\u00edn\u00e1lt az \u00e9let, m\u00e9gis tan\u00e1rnak \u00e9reztem magam mindv\u00e9gig, \u00e9s k\u00e9peztem magam ez id\u0151 alatt is. Szerencs\u00e9s vagyok, hiszen az els\u0151k k\u00f6z\u00f6tt v\u00e9gezhettem el Boldizs\u00e1r Ildik\u00f3 pedag\u00f3gusoknak meghirdetett k\u00e9pz\u00e9s\u00e9t, \u00e9s \u00edgy 2019 tavasz\u00e1n a <a href=\"https:\/\/metamorphoses.hu\/\">Metemorphoses Meseter\u00e1pi\u00e1s M\u00f3dszer<\/a>\u00a0vizsg\u00e1zott alkot\u00f3-fejleszt\u0151 meseterapeut\u00e1j\u00e1v\u00e1 v\u00e1ltam.<br \/>\nEgy r\u00e9g form\u00e1l\u00f3d\u00f3 \u00e1lom val\u00f3sult meg evvel, hiszen vil\u00e1gomnak \u00e9s k\u00f6rnyezetemnek \u00fagy tudok haszn\u00e1ra lenni, hogy k\u00f6zben gyermekkorom gy\u00f6ngyszemei: a n\u00e9pmes\u00e9k is velem tarthatnak.<br \/>\nA mes\u00e9k pedig teljes\u00edtik sok ezer \u00e9ves feladatukat: egy b\u00f6lcsebb \u00e9s szebb vil\u00e1got form\u00e1l\u00f3 k\u00f6z\u00f6ss\u00e9get k\u00e9pesek \u00e9letre h\u00edvni.<br \/>\nNem felolvasom, hanem \u00e9l\u0151sz\u00f3val mondom a mes\u00e9t, amivel magam \u00e9s hallgat\u00f3s\u00e1gom k\u00f6z\u00e9ppontba rendez\u0151d\u00e9s\u00e9t, megnyugv\u00e1s\u00e1t szolg\u00e1lom.<br \/>\nA t\u00f6rt\u00e9nethallgat\u00e1s, emberi sz\u00fcks\u00e9glet, \u00edgy mesefoglalkoz\u00e1sokat is \u00e9letkort\u00f3l f\u00fcggetlen\u00fcl b\u00e1rmely koroszt\u00e1lynak tartok. A mese egy\u00e9bk\u00e9nt is a feln\u0151ttek m\u0171faja volt a t\u00f6rt\u00e9nelem el\u0151tti id\u0151kt\u0151l kezdve, ez\u00e9rt mes\u00e9lek sz\u00edvesen nemcsak gyermekeknek, hanem a &#8222;r\u00e9gebb \u00f3ta&#8221; fiataloknak is.<br \/>\nJ\u00e1rtam m\u00e1r k\u00f6nyvt\u00e1rban, meseponton, jurt\u00e1ban, t\u00e1borban, ligetben, k\u00f6z\u00f6ss\u00e9gi h\u00e1zban, s\u00f3kuck\u00f3ban, bar\u00e1ti k\u00f6rben, vadasparkban, fesztiv\u00e1lon \u00e9s szakmai konferenci\u00e1n is mes\u00e9t mondani.<br \/>\n2019 tavasz\u00e1n ismerkedtem meg a <a href=\"http:\/\/pompasnapok.hu\/wp\/\">Pomp\u00e1s Napok<\/a> m\u00f3dszer\u00e9vel, amelyet szint\u00e9n sz\u00edvesen alkalmazok.<\/p>\n","protected":false},"excerpt":{"rendered":"<p>&nbsp; &nbsp; M\u00e9g jav\u00e1ban a XX. sz\u00e1zadot \u00edrtuk, amikor elker\u00fcltem sz\u00fcl\u0151v\u00e1rosomb\u00f3l, Monorr\u00f3l. Szegeden, a tan\u00e1rk\u00e9pz\u0151 f\u0151iskol\u00e1n szereztem diplom\u00e1t, majd a napf\u00e9ny v\u00e1rosa \u00e9vtizedekre rabul is ejtett. B\u00e1r igen hamar m\u00e1sf\u00e9le elfoglalts\u00e1got k\u00edn\u00e1lt az \u00e9let, m\u00e9gis tan\u00e1rnak \u00e9reztem magam mindv\u00e9gig, \u00e9s k\u00e9peztem magam ez id\u0151 alatt is. Szerencs\u00e9s vagyok, hiszen az els\u0151k k\u00f6z\u00f6tt v\u00e9gezhettem el Boldizs\u00e1r Ildik\u00f3 pedag\u00f3gusoknak meghirdetett k\u00e9pz\u00e9s\u00e9t, \u00e9s \u00edgy 2019 tavasz\u00e1n a Metemorphoses Meseter\u00e1pi\u00e1s M\u00f3dszer\u00a0vizsg\u00e1zott alkot\u00f3-fejleszt\u0151 meseterapeut\u00e1j\u00e1v\u00e1 v\u00e1ltam. Egy r\u00e9g form\u00e1l\u00f3d\u00f3 \u00e1lom val\u00f3sult meg evvel, hiszen vil\u00e1gomnak \u00e9s k\u00f6rnyezetemnek \u00fagy tudok haszn\u00e1ra lenni, hogy k\u00f6zben gyermekkorom gy\u00f6ngyszemei: a n\u00e9pmes\u00e9k is velem tarthatnak. A mes\u00e9k pedig teljes\u00edtik sok ezer&#8230;<\/p>\n<p class=\"continue-reading-button\"> <a class=\"continue-reading-link\" href=\"https:\/\/mesetukor.hu\/?page_id=43\">Folytat\u00e1s<i class=\"crycon-right-dir\"><\/i><\/a><\/p>\n","protected":false},"author":1,"featured_media":454,"parent":0,"menu_order":0,"comment_status":"closed","ping_status":"closed","template":"","meta":{"footnotes":""},"jetpack_sharing_enabled":true,"_links":{"self":[{"href":"https:\/\/mesetukor.hu\/index.php?rest_route=\/wp\/v2\/pages\/43"}],"collection":[{"href":"https:\/\/mesetukor.hu\/index.php?rest_route=\/wp\/v2\/pages"}],"about":[{"href":"https:\/\/mesetukor.hu\/index.php?rest_route=\/wp\/v2\/types\/page"}],"author":[{"embeddable":true,"href":"https:\/\/mesetukor.hu\/index.php?rest_route=\/wp\/v2\/users\/1"}],"replies":[{"embeddable":true,"href":"https:\/\/mesetukor.hu\/index.php?rest_route=%2Fwp%2Fv2%2Fcomments&post=43"}],"version-history":[{"count":40,"href":"https:\/\/mesetukor.hu\/index.php?rest_route=\/wp\/v2\/pages\/43\/revisions"}],"predecessor-version":[{"id":458,"href":"https:\/\/mesetukor.hu\/index.php?rest_route=\/wp\/v2\/pages\/43\/revisions\/458"}],"wp:featuredmedia":[{"embeddable":true,"href":"https:\/\/mesetukor.hu\/index.php?rest_route=\/wp\/v2\/media\/454"}],"wp:attachment":[{"href":"https:\/\/mesetukor.hu\/index.php?rest_route=%2Fwp%2Fv2%2Fmedia&parent=43"}],"curies":[{"name":"wp","href":"https:\/\/api.w.org\/{rel}","templated":true}]}}