{"id":47,"date":"2020-04-06T17:21:05","date_gmt":"2020-04-06T16:21:05","guid":{"rendered":"https:\/\/meseterapiaszeged.hu\/?page_id=47"},"modified":"2020-04-10T22:37:34","modified_gmt":"2020-04-10T21:37:34","slug":"elerhetoseg","status":"publish","type":"page","link":"https:\/\/mesetukor.hu\/?page_id=47","title":{"rendered":"El\u00e9rhet\u0151s\u00e9g"},"content":{"rendered":"<h5><strong>Orlik Ilona, <\/strong><br \/>\nMobiltelefon: +36 20 4838742<br \/>\nE-mail: orlik.ilona@gmail.com<\/h5>\n","protected":false},"excerpt":{"rendered":"<p>Orlik Ilona, Mobiltelefon: +36 20 4838742 E-mail: orlik.ilona@gmail.com<\/p>\n<p class=\"continue-reading-button\"> <a class=\"continue-reading-link\" href=\"https:\/\/mesetukor.hu\/?page_id=47\">Folytat\u00e1s<i class=\"crycon-right-dir\"><\/i><\/a><\/p>\n","protected":false},"author":1,"featured_media":0,"parent":0,"menu_order":0,"comment_status":"closed","ping_status":"closed","template":"","meta":{"footnotes":""},"jetpack_sharing_enabled":true,"_links":{"self":[{"href":"https:\/\/mesetukor.hu\/index.php?rest_route=\/wp\/v2\/pages\/47"}],"collection":[{"href":"https:\/\/mesetukor.hu\/index.php?rest_route=\/wp\/v2\/pages"}],"about":[{"href":"https:\/\/mesetukor.hu\/index.php?rest_route=\/wp\/v2\/types\/page"}],"author":[{"embeddable":true,"href":"https:\/\/mesetukor.hu\/index.php?rest_route=\/wp\/v2\/users\/1"}],"replies":[{"embeddable":true,"href":"https:\/\/mesetukor.hu\/index.php?rest_route=%2Fwp%2Fv2%2Fcomments&post=47"}],"version-history":[{"count":4,"href":"https:\/\/mesetukor.hu\/index.php?rest_route=\/wp\/v2\/pages\/47\/revisions"}],"predecessor-version":[{"id":176,"href":"https:\/\/mesetukor.hu\/index.php?rest_route=\/wp\/v2\/pages\/47\/revisions\/176"}],"wp:attachment":[{"href":"https:\/\/mesetukor.hu\/index.php?rest_route=%2Fwp%2Fv2%2Fmedia&parent=47"}],"curies":[{"name":"wp","href":"https:\/\/api.w.org\/{rel}","templated":true}]}}