{"id":49,"date":"2020-04-06T17:21:21","date_gmt":"2020-04-06T16:21:21","guid":{"rendered":"https:\/\/meseterapiaszeged.hu\/?page_id=49"},"modified":"2020-09-28T09:58:38","modified_gmt":"2020-09-28T08:58:38","slug":"alkoto-fejleszto-meseterapiarol","status":"publish","type":"page","link":"https:\/\/mesetukor.hu\/?page_id=49","title":{"rendered":"Alkot\u00f3-fejleszt\u0151 mesefoglakoz\u00e1s &#8211; minden \u00e9letkorban!"},"content":{"rendered":"<h4>Mesefoglalkoz\u00e1s feln\u0151tteknek?<\/h4>\n<p>Igen, hiszen tapasztalt feln\u0151ttk\u00e9nt sokkal t\u00f6bbet \u00e9rthet\u00fcnk meg a mes\u00e9k \u00fczeneteib\u0151l. R\u00e1ad\u00e1sul az \u00e9l\u0151 sz\u00f3val elhangz\u00f3 mese hallgat\u00e1sa k\u00f6zben meditat\u00edv \u00e1llapothoz k\u00f6zeli \u00e9lettani folyamatokban r\u00e9szes\u00edt minket a test\u00fcnk. Megnyugszunk, \u00e9s ez alkalmass\u00e1 tesz arra, hogy igaz \u00e9rt\u00e9keket l\u00e1ssunk meg magunkban \u00e9s m\u00e1sokban. Az ilyenkor megfogalmaz\u00f3d\u00f3 szavaink nemcsak magunknak, hanem a csoportban r\u00e9sztvev\u0151knek is hasznukra v\u00e1lnak. A mese k\u00f6z\u00f6ss\u00e9gteremt\u0151 erej\u0171.<\/p>\n<h4>Hogyan zajlik egy mesefoglakoz\u00e1s?<\/h4>\n<p><img loading=\"lazy\" decoding=\"async\" class=\" wp-image-145 alignleft\" src=\"https:\/\/meseterapiaszeged.hu\/wp-content\/uploads\/2020\/04\/IMG_20190930_151239-225x300.jpg\" alt=\"\" width=\"377\" height=\"502\" srcset=\"https:\/\/mesetukor.hu\/wp-content\/uploads\/2020\/04\/IMG_20190930_151239-225x300.jpg 225w, https:\/\/mesetukor.hu\/wp-content\/uploads\/2020\/04\/IMG_20190930_151239-768x1024.jpg 768w, https:\/\/mesetukor.hu\/wp-content\/uploads\/2020\/04\/IMG_20190930_151239-1152x1536.jpg 1152w, https:\/\/mesetukor.hu\/wp-content\/uploads\/2020\/04\/IMG_20190930_151239-1536x2048.jpg 1536w, https:\/\/mesetukor.hu\/wp-content\/uploads\/2020\/04\/IMG_20190930_151239-113x150.jpg 113w, https:\/\/mesetukor.hu\/wp-content\/uploads\/2020\/04\/IMG_20190930_151239-scaled.jpg 1920w\" sizes=\"(max-width: 377px) 100vw, 377px\" \/><\/p>\n<p>Ahhoz, hogy minden r\u00e9sztvev\u0151 meg\u00e9rkezhessen a mese var\u00e1zslatos vil\u00e1g\u00e1ba, a foglalkoz\u00e1s elej\u00e9n megteremtj\u00fck a mesei t\u00e9r hangulat\u00e1t j\u00e1t\u00e9koss\u00e1ggal, val\u00f3s \u00e9s fant\u00e1zia k\u00e9pekkel. Ezzel kell\u0151k\u00e9ppen r\u00e1hangol\u00f3dunk a mese befogad\u00e1s\u00e1ra.<br \/>\nAmikor sikerrel kiz\u00e1rtuk a k\u00fclvil\u00e1g gondj\u00e1t-baj\u00e1t, elindulunk a teremt\u0151 k\u00e9pzelet vil\u00e1g\u00e1ba: elmondok \u00e9l\u0151 sz\u00f3val egy mes\u00e9t. A t\u00f6rt\u00e9netet hallgat\u00f3 r\u00e9sztvev\u0151k figyelm\u00fcket ilyenkor befel\u00e9 ford\u00edtj\u00e1k. A k\u00e9pzel\u0151er\u0151 m\u0171k\u00f6d\u00e9sbe l\u00e9p.<br \/>\nAz \u00f6sszpontos\u00edt\u00e1snak k\u00f6sz\u00f6nhet\u0151en ak\u00e1r m\u0171szerekkel is m\u00e9rhet\u0151 volna a hat\u00e1s, hiszen a test \u00e9lettani \u00e9rt\u00e9kei helyre\u00e1llnak. A mesehallgat\u00f3 megnyugszik, \u00e9s harmonikus k\u00f6z\u00e9ppontj\u00e1ba ker\u00fcl.<br \/>\nEz olyannyira igaz, hogy ezt egy kiugr\u00f3 p\u00e9ld\u00e1val tudn\u00e1m \u00e9rz\u00e9keltetni, \u2013 melyet Boldizs\u00e1r Ildik\u00f3t\u00f3l, a meseter\u00e1pi\u00e1s m\u00f3dszer megalkot\u00f3j\u00e1t\u00f3l, tan\u00e1romt\u00f3l tudok \u2013 m\u00e9g az egri b\u00f6rt\u00f6n fogvatartottjainak viselked\u00e9se, kezelhet\u0151s\u00e9ge is jelent\u0151sen javult, amikor mesefoglalkoz\u00e1sokon vettek r\u00e9szt.<br \/>\nEbb\u0151l a k\u00f6z\u00e9ppontb\u00f3l k\u00e9pesek vagyunk r\u00e1l\u00e1tni a val\u00f3s \u00e9rt\u00e9kekre. Olyan er\u00e9nyekre bukkanunk, amit a mes\u00e9kkel a legk\u00f6nnyebb felfognunk.<\/p>\n<p><img loading=\"lazy\" decoding=\"async\" class=\"wp-image-146 alignright\" src=\"https:\/\/meseterapiaszeged.hu\/wp-content\/uploads\/2020\/04\/DSC03881-300x225.jpg\" alt=\"\" width=\"370\" height=\"277\" srcset=\"https:\/\/mesetukor.hu\/wp-content\/uploads\/2020\/04\/DSC03881-300x225.jpg 300w, https:\/\/mesetukor.hu\/wp-content\/uploads\/2020\/04\/DSC03881-1024x768.jpg 1024w, https:\/\/mesetukor.hu\/wp-content\/uploads\/2020\/04\/DSC03881-768x576.jpg 768w, https:\/\/mesetukor.hu\/wp-content\/uploads\/2020\/04\/DSC03881-150x113.jpg 150w, https:\/\/mesetukor.hu\/wp-content\/uploads\/2020\/04\/DSC03881.jpg 1205w\" sizes=\"(max-width: 370px) 100vw, 370px\" \/><\/p>\n<p>&nbsp;<\/p>\n<p>A foglakoz\u00e1s h\u00e1tral\u00e9v\u0151 r\u00e9sz\u00e9ben besz\u00e9lgetni szoktunk.<br \/>\nAki \u00fagy \u00e9rzi, megoszthatja gondolatait a jelenl\u00e9v\u0151kkel.<\/p>\n<p>Sokat besz\u00e9lhetn\u00e9k m\u00e9g r\u00f3la, de hasztalan!<br \/>\nCsak az tapasztalhatja meg, aki van oly b\u00e1tor,<br \/>\nhogy vegye a tariszny\u00e1j\u00e1t,<br \/>\n\u00fatnak eredjen, \u00e9s elj\u00f6jj\u00f6n kipr\u00f3b\u00e1lni!<\/p>\n<p>&nbsp;<\/p>\n<h4>\u00cdgy \u00e9rezte mag\u00e1t, aki elj\u00f6tt mesefoglalkoz\u00e1sra<\/h4>\n<p><!--more--><\/p>\n<p style=\"text-align: right;\"><em><span class=\"_5yl5\">&#8222;K\u00f6sz\u00f6n\u00f6m azt az elfogad\u00f3 l\u00e9gk\u00f6rt, amiben lubickolhattam a tal\u00e1lkoz\u00e1sok alkalm\u00e1val. \u00c9lveztem a kedves mes\u00e9l\u0151, mosolyg\u00f3s hangod, t\u00f6bb felismer\u00e9sre jutottam a k\u00e9rd\u00e9seid, a k\u00e9pek, k\u00e1rty\u00e1k \u00e1ltal. Seg\u00edtett\u00e9l az elh\u00faz\u00f3d\u00f3 k\u00f6h\u00f6g\u00e9sem elmulaszt\u00e1s\u00e1ban is, m\u00e9g a plusz tud\u00e1sodat, a BioLogikai ismeretedet is felhaszn\u00e1ltad. Sok \u00e9rt\u00e9kes, szeretetre m\u00e9lt\u00f3 emberrel ismerkedhettem meg. Megtisztel\u0151 \u00e9s felmeleg\u00edti a sz\u00edvet az a figyelem, amit kaptam az egy\u00fcttl\u00e9tek sor\u00e1n. Nagymamak\u00e9nk k\u00fcl\u00f6nleges \u00e9rz\u00e9s, hogy nekem mes\u00e9l valaki.<\/span>&#8221; (F. Erika)<\/em><\/p>\n<p>&nbsp;<\/p>\n<p style=\"text-align: right;\"><!--more--><\/p>\n<p><span id=\"cch_f3f88be9a2b544a\" class=\"_mh6 _wsc\"><span class=\"_3oh- _58nk\">&#8222;<span data-offset-key=\"dv02c-0-0\">Nekem a mese csoport, olyan l\u00e9lek felszabad\u00edt\u00f3 \u00e9lm\u00e9ny volt, az \u00f6nismeret m\u00e9ly\u00edt\u00e9se mellett, a bizalom meg\u00e9l\u00e9se, az egym\u00e1sra figyel\u00e9s \u00e9lm\u00e9nye ezt fokozta, a l\u00e9gk\u00f6r, melyet teremtett\u00e9l kiemelt a minden napok rutinj\u00e1b\u00f3l, \u00e9s visszahozta a gyermekkor var\u00e1zs\u00e1t. Meger\u0151s\u00edtett abban, hogy a mes\u00e9n kereszt\u00fcl \u00fajra \u00f6nmagunkra tal\u00e1lnunk, \u00e9s a fontoss\u00e1ga, nem sz\u0171nik meg el a gyermekkor lez\u00e1r\u00e1s\u00e1val.<\/span> Remek\u00fcl \u00e9p\u00fcltek egym\u00e1sra a foglalkoz\u00e1sok. A befejez\u00e9skor meg\u00e9rtettem a sok lez\u00e1rt lakatokat, melyeknek n\u00e1lam m\u00e1r nem volt kulcsa. Sok ajt\u00f3t m\u00e1r nem akarok nyitogatni, csak a bej\u00e1rt utakat meg\u0151rizni, \u00e9s a tanults\u00e1gait hasznos\u00edtani. K\u00f6sz\u00f6n\u00f6m Neked az \u00e9lm\u00e9nyt.&#8221; (G. M\u00e1ria)<\/span><\/span><\/p>\n<p><span id=\"cch_f3f88be9a2b544a\" class=\"_mh6 _wsc\"><span class=\"_3oh- _58nk\"><br \/>\n<\/span><\/span><!--more--><\/p>\n<p style=\"text-align: right;\"><em><span id=\"cch_f3f88be9a2b544a\" class=\"_mh6 _wsc\"><span class=\"_3oh- _58nk\">&#8222;A mesecsoport nekem azt a felfedez\u00e9st adta, hogy a mese nemcsak spont\u00e1n hallgat\u00e1s\u00e1t jelenti hanem dolgok \u00fajragondol\u00e1s\u00e1ra, j\u00e1t\u00e9koss\u00e1gra h\u00edvta fel a figyelmemet. Nagyon \u00e9lveztem.<br \/>\nK\u00f6sz\u00f6n\u00f6m sz\u00e9pen!!!!&#8221; (K. F. Kata)<\/span><\/span><\/em><\/p>\n<p style=\"text-align: right;\"><em><span id=\"cch_f3f88be9a2b544a\" class=\"_mh6 _wsc\"><span class=\"_3oh- _58nk\"><br \/>\n<\/span><\/span><\/em><!--more--><\/p>\n<p><span class=\"_5yl5\">&#8222;Nemcsak a mes\u00e9kben, de \u00f6nmagamban is izgalmas utaz\u00e1st tettem. Kiv\u00e1l\u00f3 lehet\u0151s\u00e9g az \u00f6nismeret elm\u00e9ly\u00edt\u00e9s\u00e9ben. A mes\u00e9khez kapcsol\u00f3d\u00f3 j\u00e1t\u00e9kok pedig kifejezetten sz\u00f3rakoztat\u00f3ak voltak&#8221; (Sz. Edina) <\/span><\/p>\n<p>&nbsp;<\/p>\n<p><!--more--><\/p>\n<p style=\"text-align: right;\"><span class=\"_5yl5\"><em>&#8222;Rohan\u00f3 vil\u00e1gunkb\u00f3l j\u00f3 egy-k\u00e9t \u00f3r\u00e1ra kiszakadni \u00e9s \u00faj, szokatlan form\u00e1ban egy-egy mese t\u00f6rt\u00e9net\u00e9t befogadni. Majd, valamely szerepl\u0151j\u00e9vel azonosulva,\u00a0 j\u00f3 feldolgozni gondolatainkat, \u00e9rz\u00e9seinket egy sz\u00ednes, kellemes t\u00e1rsas\u00e1g k\u00f6r\u00e9ben.&#8221; (Juca)<\/em><br \/>\n<\/span><\/p>\n","protected":false},"excerpt":{"rendered":"<p>Mesefoglalkoz\u00e1s feln\u0151tteknek? Igen, hiszen tapasztalt feln\u0151ttk\u00e9nt sokkal t\u00f6bbet \u00e9rthet\u00fcnk meg a mes\u00e9k \u00fczeneteib\u0151l. R\u00e1ad\u00e1sul az \u00e9l\u0151 sz\u00f3val elhangz\u00f3 mese hallgat\u00e1sa k\u00f6zben meditat\u00edv \u00e1llapothoz k\u00f6zeli \u00e9lettani folyamatokban r\u00e9szes\u00edt minket a test\u00fcnk. Megnyugszunk, \u00e9s ez alkalmass\u00e1 tesz arra, hogy igaz \u00e9rt\u00e9keket l\u00e1ssunk meg magunkban \u00e9s m\u00e1sokban. Az ilyenkor megfogalmaz\u00f3d\u00f3 szavaink nemcsak magunknak, hanem a csoportban r\u00e9sztvev\u0151knek is hasznukra v\u00e1lnak. A mese k\u00f6z\u00f6ss\u00e9gteremt\u0151 erej\u0171. Hogyan zajlik egy mesefoglakoz\u00e1s? Ahhoz, hogy minden r\u00e9sztvev\u0151 meg\u00e9rkezhessen a mese var\u00e1zslatos vil\u00e1g\u00e1ba, a foglalkoz\u00e1s elej\u00e9n megteremtj\u00fck a mesei t\u00e9r hangulat\u00e1t j\u00e1t\u00e9koss\u00e1ggal, val\u00f3s \u00e9s fant\u00e1zia k\u00e9pekkel. Ezzel kell\u0151k\u00e9ppen r\u00e1hangol\u00f3dunk a mese befogad\u00e1s\u00e1ra. Amikor sikerrel kiz\u00e1rtuk a k\u00fclvil\u00e1g gondj\u00e1t-baj\u00e1t, elindulunk&#8230;<\/p>\n<p class=\"continue-reading-button\"> <a class=\"continue-reading-link\" href=\"https:\/\/mesetukor.hu\/?page_id=49\">Folytat\u00e1s<i class=\"crycon-right-dir\"><\/i><\/a><\/p>\n","protected":false},"author":1,"featured_media":0,"parent":0,"menu_order":0,"comment_status":"closed","ping_status":"closed","template":"","meta":{"footnotes":""},"jetpack_sharing_enabled":true,"_links":{"self":[{"href":"https:\/\/mesetukor.hu\/index.php?rest_route=\/wp\/v2\/pages\/49"}],"collection":[{"href":"https:\/\/mesetukor.hu\/index.php?rest_route=\/wp\/v2\/pages"}],"about":[{"href":"https:\/\/mesetukor.hu\/index.php?rest_route=\/wp\/v2\/types\/page"}],"author":[{"embeddable":true,"href":"https:\/\/mesetukor.hu\/index.php?rest_route=\/wp\/v2\/users\/1"}],"replies":[{"embeddable":true,"href":"https:\/\/mesetukor.hu\/index.php?rest_route=%2Fwp%2Fv2%2Fcomments&post=49"}],"version-history":[{"count":45,"href":"https:\/\/mesetukor.hu\/index.php?rest_route=\/wp\/v2\/pages\/49\/revisions"}],"predecessor-version":[{"id":310,"href":"https:\/\/mesetukor.hu\/index.php?rest_route=\/wp\/v2\/pages\/49\/revisions\/310"}],"wp:attachment":[{"href":"https:\/\/mesetukor.hu\/index.php?rest_route=%2Fwp%2Fv2%2Fmedia&parent=49"}],"curies":[{"name":"wp","href":"https:\/\/api.w.org\/{rel}","templated":true}]}}