{"id":82,"date":"2020-04-07T08:35:01","date_gmt":"2020-04-07T07:35:01","guid":{"rendered":"https:\/\/meseterapiaszeged.hu\/?page_id=82"},"modified":"2025-02-26T18:21:26","modified_gmt":"2025-02-26T17:21:26","slug":"aktualis","status":"publish","type":"page","link":"https:\/\/mesetukor.hu\/","title":{"rendered":"Aktu\u00e1lis"},"content":{"rendered":"<div class=\"\" data-block=\"true\" data-editor=\"2jhs8\" data-offset-key=\"qlpq-0-0\">\n<div class=\"\" data-block=\"true\" data-editor=\"7vq48\" data-offset-key=\"ebir6-0-0\"><img loading=\"lazy\" decoding=\"async\" class=\"alignnone wp-image-450 size-full\" src=\"https:\/\/mesetukor.hu\/wp-content\/uploads\/2025\/02\/Fotomontazs-2.jpg\" alt=\"\" width=\"1296\" height=\"867\" srcset=\"https:\/\/mesetukor.hu\/wp-content\/uploads\/2025\/02\/Fotomontazs-2.jpg 1296w, https:\/\/mesetukor.hu\/wp-content\/uploads\/2025\/02\/Fotomontazs-2-300x201.jpg 300w, https:\/\/mesetukor.hu\/wp-content\/uploads\/2025\/02\/Fotomontazs-2-1024x685.jpg 1024w, https:\/\/mesetukor.hu\/wp-content\/uploads\/2025\/02\/Fotomontazs-2-768x514.jpg 768w, https:\/\/mesetukor.hu\/wp-content\/uploads\/2025\/02\/Fotomontazs-2-150x100.jpg 150w\" sizes=\"(max-width: 1296px) 100vw, 1296px\" \/><\/p>\n<h3><\/h3>\n<h3><img loading=\"lazy\" decoding=\"async\" class=\"wp-image-404 aligncenter\" src=\"https:\/\/mesetukor.hu\/wp-content\/uploads\/2021\/12\/254747587_2011180009059580_1998065570124383454_n-1024x858.jpg\" alt=\"\" width=\"542\" height=\"454\" srcset=\"https:\/\/mesetukor.hu\/wp-content\/uploads\/2021\/12\/254747587_2011180009059580_1998065570124383454_n-1024x858.jpg 1024w, https:\/\/mesetukor.hu\/wp-content\/uploads\/2021\/12\/254747587_2011180009059580_1998065570124383454_n-300x252.jpg 300w, https:\/\/mesetukor.hu\/wp-content\/uploads\/2021\/12\/254747587_2011180009059580_1998065570124383454_n-768x644.jpg 768w, https:\/\/mesetukor.hu\/wp-content\/uploads\/2021\/12\/254747587_2011180009059580_1998065570124383454_n-1536x1288.jpg 1536w, https:\/\/mesetukor.hu\/wp-content\/uploads\/2021\/12\/254747587_2011180009059580_1998065570124383454_n-150x126.jpg 150w, https:\/\/mesetukor.hu\/wp-content\/uploads\/2021\/12\/254747587_2011180009059580_1998065570124383454_n.jpg 1763w\" sizes=\"(max-width: 542px) 100vw, 542px\" \/><\/h3>\n<h3><img loading=\"lazy\" decoding=\"async\" class=\"aligncenter wp-image-400 \" src=\"https:\/\/mesetukor.hu\/wp-content\/uploads\/2021\/07\/Mesek-Ejszakaja-2021-Roszke2-1024x770.jpg\" alt=\"\" width=\"663\" height=\"499\" srcset=\"https:\/\/mesetukor.hu\/wp-content\/uploads\/2021\/07\/Mesek-Ejszakaja-2021-Roszke2-1024x770.jpg 1024w, https:\/\/mesetukor.hu\/wp-content\/uploads\/2021\/07\/Mesek-Ejszakaja-2021-Roszke2-300x226.jpg 300w, https:\/\/mesetukor.hu\/wp-content\/uploads\/2021\/07\/Mesek-Ejszakaja-2021-Roszke2-768x577.jpg 768w, https:\/\/mesetukor.hu\/wp-content\/uploads\/2021\/07\/Mesek-Ejszakaja-2021-Roszke2-1536x1155.jpg 1536w, https:\/\/mesetukor.hu\/wp-content\/uploads\/2021\/07\/Mesek-Ejszakaja-2021-Roszke2-2048x1540.jpg 2048w, https:\/\/mesetukor.hu\/wp-content\/uploads\/2021\/07\/Mesek-Ejszakaja-2021-Roszke2-150x113.jpg 150w\" sizes=\"(max-width: 663px) 100vw, 663px\" \/><\/h3>\n<h3 style=\"text-align: center;\">* * * * *<\/h3>\n<p><iframe loading=\"lazy\" title=\"A S\u00d3 - magyar n\u00e9pmese\" width=\"900\" height=\"506\" src=\"https:\/\/www.youtube.com\/embed\/oaYCHP4y91E?feature=oembed\" frameborder=\"0\" allow=\"accelerometer; autoplay; clipboard-write; encrypted-media; gyroscope; picture-in-picture; web-share\" referrerpolicy=\"strict-origin-when-cross-origin\" allowfullscreen><\/iframe><\/p>\n<div data-offset-key=\"ebir6-0-0\">\n<h3 style=\"text-align: center;\">* * * * *<\/h3>\n<\/div>\n<h4 class=\"_1mf _1mj\" style=\"text-align: center;\" data-offset-key=\"ebir6-0-0\"><a href=\"https:\/\/www.mixcloud.com\/PandaSzeged\/help-02010209-a-mes%C3%A9k-vil%C3%A1ga-besz%C3%A9lget%C3%A9s-orlik-ikon%C3%A1val\/?fbclid=IwAR0Cnre4uxICoDvngh6TAFrn30BLcqcJS9DDXVK8m2pGdC3zUocz46fxHaA\">Besz\u00e9lget\u00e9s a mes\u00e9kr\u0151l hasznoss\u00e1g\u00e1r\u00f3l<br \/>\na Panda R\u00e1di\u00f3 HELP c\u00edm\u0171 m\u0171sor\u00e1ban.<\/a><\/h4>\n<h3><img loading=\"lazy\" decoding=\"async\" class=\"wp-image-362 aligncenter\" src=\"https:\/\/mesetukor.hu\/wp-content\/uploads\/2021\/03\/151148663_3976559055708810_6974706070417024138_o-300x300.png\" alt=\"Pomp\u00e1s Mesek\u00f6r - Mes\u00e9s \u00c9nid\u0151 - HOLL\u00d3 JANK\u00d3 mes\u00e9j\u00e9vel\" width=\"509\" height=\"509\" srcset=\"https:\/\/mesetukor.hu\/wp-content\/uploads\/2021\/03\/151148663_3976559055708810_6974706070417024138_o-300x300.png 300w, https:\/\/mesetukor.hu\/wp-content\/uploads\/2021\/03\/151148663_3976559055708810_6974706070417024138_o-1024x1024.png 1024w, https:\/\/mesetukor.hu\/wp-content\/uploads\/2021\/03\/151148663_3976559055708810_6974706070417024138_o-150x150.png 150w, https:\/\/mesetukor.hu\/wp-content\/uploads\/2021\/03\/151148663_3976559055708810_6974706070417024138_o-768x768.png 768w, https:\/\/mesetukor.hu\/wp-content\/uploads\/2021\/03\/151148663_3976559055708810_6974706070417024138_o.png 1080w\" sizes=\"(max-width: 509px) 100vw, 509px\" \/><\/h3>\n<h3 style=\"text-align: center;\">* * * * *<\/h3>\n<p><iframe loading=\"lazy\" title=\"A k\u00e1polna harangja (Benedek Elek nyom\u00e1n)\" width=\"900\" height=\"506\" src=\"https:\/\/www.youtube.com\/embed\/L0Mz1EOo3jY?feature=oembed\" frameborder=\"0\" allow=\"accelerometer; autoplay; clipboard-write; encrypted-media; gyroscope; picture-in-picture; web-share\" referrerpolicy=\"strict-origin-when-cross-origin\" allowfullscreen><\/iframe><\/p>\n<h3 style=\"text-align: center;\">* * * * *<\/h3>\n<\/div>\n<p><!--more--><\/p>\n<\/div>\n<div class=\"\" data-block=\"true\" data-editor=\"7vq48\" data-offset-key=\"ebir6-0-0\">\n<div class=\"_1mf _1mj\" data-offset-key=\"ebir6-0-0\">\n<h4 data-block=\"true\" data-editor=\"2jhs8\" data-offset-key=\"qlpq-0-0\"><img loading=\"lazy\" decoding=\"async\" class=\"wp-image-320 size-large aligncenter\" src=\"https:\/\/mesetukor.hu\/wp-content\/uploads\/2020\/12\/mesecsoport-1-1024x767.jpg\" alt=\"\" width=\"900\" height=\"674\" srcset=\"https:\/\/mesetukor.hu\/wp-content\/uploads\/2020\/12\/mesecsoport-1-1024x767.jpg 1024w, https:\/\/mesetukor.hu\/wp-content\/uploads\/2020\/12\/mesecsoport-1-300x225.jpg 300w, https:\/\/mesetukor.hu\/wp-content\/uploads\/2020\/12\/mesecsoport-1-768x575.jpg 768w, https:\/\/mesetukor.hu\/wp-content\/uploads\/2020\/12\/mesecsoport-1-150x112.jpg 150w, https:\/\/mesetukor.hu\/wp-content\/uploads\/2020\/12\/mesecsoport-1.jpg 1274w\" sizes=\"(max-width: 900px) 100vw, 900px\" \/><\/h4>\n<h4 style=\"text-align: center;\" data-block=\"true\" data-editor=\"2jhs8\" data-offset-key=\"qlpq-0-0\"><strong>Jelentkezni lehet: orlik.ilona@gmail.com c\u00edmen!<\/strong><\/h4>\n<h3 style=\"text-align: center;\">* * * * *<\/h3>\n<\/div>\n<\/div>\n<p><!--more--><\/p>\n<h4 style=\"text-align: center;\" data-block=\"true\" data-editor=\"2jhs8\" data-offset-key=\"qlpq-0-0\"><\/h4>\n","protected":false},"excerpt":{"rendered":"<p>* * * * * * * * * * Besz\u00e9lget\u00e9s a mes\u00e9kr\u0151l hasznoss\u00e1g\u00e1r\u00f3l a Panda R\u00e1di\u00f3 HELP c\u00edm\u0171 m\u0171sor\u00e1ban. * * * * * * * * * *<\/p>\n<p class=\"continue-reading-button\"> <a class=\"continue-reading-link\" href=\"https:\/\/mesetukor.hu\/\">Folytat\u00e1s<i class=\"crycon-right-dir\"><\/i><\/a><\/p>\n","protected":false},"author":1,"featured_media":0,"parent":0,"menu_order":0,"comment_status":"closed","ping_status":"closed","template":"","meta":{"footnotes":""},"jetpack_sharing_enabled":true,"_links":{"self":[{"href":"https:\/\/mesetukor.hu\/index.php?rest_route=\/wp\/v2\/pages\/82"}],"collection":[{"href":"https:\/\/mesetukor.hu\/index.php?rest_route=\/wp\/v2\/pages"}],"about":[{"href":"https:\/\/mesetukor.hu\/index.php?rest_route=\/wp\/v2\/types\/page"}],"author":[{"embeddable":true,"href":"https:\/\/mesetukor.hu\/index.php?rest_route=\/wp\/v2\/users\/1"}],"replies":[{"embeddable":true,"href":"https:\/\/mesetukor.hu\/index.php?rest_route=%2Fwp%2Fv2%2Fcomments&post=82"}],"version-history":[{"count":77,"href":"https:\/\/mesetukor.hu\/index.php?rest_route=\/wp\/v2\/pages\/82\/revisions"}],"predecessor-version":[{"id":433,"href":"https:\/\/mesetukor.hu\/index.php?rest_route=\/wp\/v2\/pages\/82\/revisions\/433"}],"wp:attachment":[{"href":"https:\/\/mesetukor.hu\/index.php?rest_route=%2Fwp%2Fv2%2Fmedia&parent=82"}],"curies":[{"name":"wp","href":"https:\/\/api.w.org\/{rel}","templated":true}]}}